{"id":78,"date":"2016-12-20T21:42:17","date_gmt":"2016-12-20T20:42:17","guid":{"rendered":"http:\/\/stajniaklucz.pl\/?page_id=78"},"modified":"2021-03-21T19:13:55","modified_gmt":"2021-03-21T18:13:55","slug":"western","status":"publish","type":"page","link":"https:\/\/stajniaklucz.pl\/?page_id=78","title":{"rendered":"Western"},"content":{"rendered":"\n<figure class=\"wp-block-image size-large is-style-default\"><a href=\"https:\/\/stajniaklucz.pl\/wp-content\/uploads\/2016\/12\/luty-2009-079.jpg\"><img loading=\"lazy\" decoding=\"async\" width=\"1024\" height=\"768\" src=\"https:\/\/stajniaklucz.pl\/wp-content\/uploads\/2016\/12\/luty-2009-079-1024x768.jpg\" alt=\"\" class=\"wp-image-85\" srcset=\"https:\/\/stajniaklucz.pl\/wp-content\/uploads\/2016\/12\/luty-2009-079-1024x768.jpg 1024w, https:\/\/stajniaklucz.pl\/wp-content\/uploads\/2016\/12\/luty-2009-079-300x225.jpg 300w, https:\/\/stajniaklucz.pl\/wp-content\/uploads\/2016\/12\/luty-2009-079-768x576.jpg 768w, https:\/\/stajniaklucz.pl\/wp-content\/uploads\/2016\/12\/luty-2009-079-624x468.jpg 624w\" sizes=\"auto, (max-width: 1024px) 100vw, 1024px\" \/><\/a><\/figure>\n\n\n\n<p>Jeste\u015bmy jednym z nielicznych o\u015brodk\u00f3w na Mazowszu posiadaj\u0105cym konie wyszkolone do jazdy w stylu western.Western jest to ga\u0142\u0105\u017a je\u017adziectwa, wywodz\u0105ca si\u0119 z pracy na ranczach w USA. Styl western jest niezwykle przyjazny i bezpieczny dla konia i je\u017ad\u017aca , a przy tym jest bliski polskiej tradycji je\u017adzieckiej z okresu jej najwi\u0119kszej \u015bwietno\u015bci w wiekach XVI-XVIII. Kazimierz Pu\u0142aski zwany&#8221;ojcem&#8221; ameryka\u0144skiej kawalerii wywodzi\u0142 si\u0119 w\u0142a\u015bnie z owej staropolskiej tradycji je\u017adzieckiej oraz polscy emigranci -wp\u0142yn\u0119li niew\u0105tpliwie na kszta\u0142t tego co dzi\u015b nazywamy stylem western.<\/p>\n\n\n\n<p><em>tekst : Marysia i Tytus<\/em><\/p>\n","protected":false},"excerpt":{"rendered":"<p>Jeste\u015bmy jednym z nielicznych o\u015brodk\u00f3w na Mazowszu posiadaj\u0105cym konie wyszkolone do jazdy w stylu western.Western jest to ga\u0142\u0105\u017a je\u017adziectwa, wywodz\u0105ca si\u0119 z pracy na ranczach w USA. Styl western jest niezwykle przyjazny i bezpieczny dla konia i je\u017ad\u017aca , a przy tym jest bliski polskiej tradycji je\u017adzieckiej z okresu jej najwi\u0119kszej \u015bwietno\u015bci w wiekach XVI-XVIII. [&hellip;]<\/p>\n","protected":false},"author":2,"featured_media":0,"parent":0,"menu_order":0,"comment_status":"closed","ping_status":"closed","template":"page-templates\/full-width.php","meta":{"footnotes":""},"class_list":["post-78","page","type-page","status-publish","hentry"],"_links":{"self":[{"href":"https:\/\/stajniaklucz.pl\/index.php?rest_route=\/wp\/v2\/pages\/78","targetHints":{"allow":["GET"]}}],"collection":[{"href":"https:\/\/stajniaklucz.pl\/index.php?rest_route=\/wp\/v2\/pages"}],"about":[{"href":"https:\/\/stajniaklucz.pl\/index.php?rest_route=\/wp\/v2\/types\/page"}],"author":[{"embeddable":true,"href":"https:\/\/stajniaklucz.pl\/index.php?rest_route=\/wp\/v2\/users\/2"}],"replies":[{"embeddable":true,"href":"https:\/\/stajniaklucz.pl\/index.php?rest_route=%2Fwp%2Fv2%2Fcomments&post=78"}],"version-history":[{"count":4,"href":"https:\/\/stajniaklucz.pl\/index.php?rest_route=\/wp\/v2\/pages\/78\/revisions"}],"predecessor-version":[{"id":445,"href":"https:\/\/stajniaklucz.pl\/index.php?rest_route=\/wp\/v2\/pages\/78\/revisions\/445"}],"wp:attachment":[{"href":"https:\/\/stajniaklucz.pl\/index.php?rest_route=%2Fwp%2Fv2%2Fmedia&parent=78"}],"curies":[{"name":"wp","href":"https:\/\/api.w.org\/{rel}","templated":true}]}}