{"id":76,"date":"2016-12-20T21:41:02","date_gmt":"2016-12-20T20:41:02","guid":{"rendered":"http:\/\/stajniaklucz.pl\/?page_id=76"},"modified":"2017-01-05T19:33:35","modified_gmt":"2017-01-05T18:33:35","slug":"osrodek-stajnia-klucz","status":"publish","type":"page","link":"https:\/\/stajniaklucz.pl\/?page_id=76","title":{"rendered":"O\u015brodek Stajnia Klucz"},"content":{"rendered":"<p>O\u015brodek propaguje i prowadzi jazd\u0119 konn\u0105 jako czynnik sportowy, rekreacyjny i zdrowotny, realizuj\u0105c program:<\/p>\n<p><strong>Jazda konna sportem dla wszystkich<\/strong><\/p>\n<p>W ramach tego programu O\u015brodek proponuje:<\/p>\n<ul>\n<li>nauk\u0119 jazdy konnej dla dzieci od lat 12, m\u0142odzie\u017cy i doros\u0142ych<\/li>\n<li>dla najm\u0142odszych oprowadzanie na pony z elementami abecad\u0142a je\u017adzieckiego<\/li>\n<li>dla je\u017ad\u017ac\u00f3w zaawansowanych wyjazdy w teren<\/li>\n<li>nauka skok\u00f3w<\/li>\n<\/ul>\n<p>Wszystkie zaj\u0119cia s\u0105 prowadzone przez instruktor\u00f3w jazdy konnej. Do dyspozycji naszych go\u015bci jest obecnie 7 koni.<\/p>\n<p>O\u015brodek prowadzi pensjonat dla koni.Konie maj\u0105 zapewnione ca\u0142oroczne wybiegi a w sezonie maj-listopad zielone pastwiska. Do dyspozycji kryta uje\u017cd\u017calnia o wymiarach 20&#215;40 oraz 2 zewn\u0119trzne uje\u017cd\u017calnie. W planie budowa krytego lon\u017cownika.<\/p>\n<p>O\u015brodek jest\u00a0<strong>organizatorem praktyk studenckich<\/strong> dla student\u00f3w szk\u00f3\u0142 rolniczych oraz sportowych.<\/p>\n<p>Stajnia Klucz aktywnie dzia\u0142a na rzecz\u00a0<strong>integracji<\/strong> spo\u0142ecznej .<\/p>\n<p>Organizujemy:<\/p>\n<ul>\n<li>pikniki i imprezy okoliczno\u015bciowe dla firm,szk\u00f3\u0142,przedszkoli i os\u00f3b prywatnych<\/li>\n<li>szkolenie i konferencje<\/li>\n<li>czas wolny dla \u015brodowisk os\u00f3b niepe\u0142nosprawnych<\/li>\n<li>zim\u0105-kuligi<\/li>\n<\/ul>\n<p>&nbsp;<\/p>\n","protected":false},"excerpt":{"rendered":"<p>O\u015brodek propaguje i prowadzi jazd\u0119 konn\u0105 jako czynnik sportowy, rekreacyjny i zdrowotny, realizuj\u0105c program: Jazda konna sportem dla wszystkich W ramach tego programu O\u015brodek proponuje: nauk\u0119 jazdy konnej dla dzieci od lat 12, m\u0142odzie\u017cy i doros\u0142ych dla najm\u0142odszych oprowadzanie na pony z elementami abecad\u0142a je\u017adzieckiego dla je\u017ad\u017ac\u00f3w zaawansowanych wyjazdy w teren nauka skok\u00f3w Wszystkie zaj\u0119cia [&hellip;]<\/p>\n","protected":false},"author":2,"featured_media":0,"parent":0,"menu_order":0,"comment_status":"closed","ping_status":"closed","template":"page-templates\/full-width.php","meta":{"footnotes":""},"class_list":["post-76","page","type-page","status-publish","hentry"],"_links":{"self":[{"href":"https:\/\/stajniaklucz.pl\/index.php?rest_route=\/wp\/v2\/pages\/76","targetHints":{"allow":["GET"]}}],"collection":[{"href":"https:\/\/stajniaklucz.pl\/index.php?rest_route=\/wp\/v2\/pages"}],"about":[{"href":"https:\/\/stajniaklucz.pl\/index.php?rest_route=\/wp\/v2\/types\/page"}],"author":[{"embeddable":true,"href":"https:\/\/stajniaklucz.pl\/index.php?rest_route=\/wp\/v2\/users\/2"}],"replies":[{"embeddable":true,"href":"https:\/\/stajniaklucz.pl\/index.php?rest_route=%2Fwp%2Fv2%2Fcomments&post=76"}],"version-history":[{"count":0,"href":"https:\/\/stajniaklucz.pl\/index.php?rest_route=\/wp\/v2\/pages\/76\/revisions"}],"wp:attachment":[{"href":"https:\/\/stajniaklucz.pl\/index.php?rest_route=%2Fwp%2Fv2%2Fmedia&parent=76"}],"curies":[{"name":"wp","href":"https:\/\/api.w.org\/{rel}","templated":true}]}}