{"id":667,"date":"2022-04-01T20:41:05","date_gmt":"2022-04-01T19:41:05","guid":{"rendered":"https:\/\/stajniaklucz.pl\/?page_id=667"},"modified":"2024-01-12T19:57:39","modified_gmt":"2024-01-12T18:57:39","slug":"pasieka","status":"publish","type":"page","link":"https:\/\/stajniaklucz.pl\/?page_id=667","title":{"rendered":"Pasieka"},"content":{"rendered":"\n<figure class=\"wp-block-table\"><table><tbody><tr><td><img loading=\"lazy\" decoding=\"async\" width=\"130\" height=\"130\" class=\"wp-image-525\" style=\"width: 130px;\" src=\"https:\/\/stajniaklucz.pl\/wp-content\/uploads\/2021\/05\/IMG-20210329-WA0003.jpg\" alt=\"\" srcset=\"https:\/\/stajniaklucz.pl\/wp-content\/uploads\/2021\/05\/IMG-20210329-WA0003.jpg 608w, https:\/\/stajniaklucz.pl\/wp-content\/uploads\/2021\/05\/IMG-20210329-WA0003-300x300.jpg 300w, https:\/\/stajniaklucz.pl\/wp-content\/uploads\/2021\/05\/IMG-20210329-WA0003-150x150.jpg 150w\" sizes=\"auto, (max-width: 130px) 100vw, 130px\" \/><\/td><td><img loading=\"lazy\" decoding=\"async\" width=\"150\" height=\"113\" class=\"wp-image-132\" style=\"width: 150px;\" src=\"https:\/\/stajniaklucz.pl\/wp-content\/uploads\/2016\/12\/Zdj\u0119cie0141.jpg\" alt=\"\" srcset=\"https:\/\/stajniaklucz.pl\/wp-content\/uploads\/2016\/12\/Zdj\u0119cie0141.jpg 2560w, https:\/\/stajniaklucz.pl\/wp-content\/uploads\/2016\/12\/Zdj\u0119cie0141-300x225.jpg 300w, https:\/\/stajniaklucz.pl\/wp-content\/uploads\/2016\/12\/Zdj\u0119cie0141-768x576.jpg 768w, https:\/\/stajniaklucz.pl\/wp-content\/uploads\/2016\/12\/Zdj\u0119cie0141-1024x768.jpg 1024w, https:\/\/stajniaklucz.pl\/wp-content\/uploads\/2016\/12\/Zdj\u0119cie0141-624x468.jpg 624w\" sizes=\"auto, (max-width: 150px) 100vw, 150px\" \/><\/td><td><img loading=\"lazy\" decoding=\"async\" width=\"150\" height=\"113\" class=\"wp-image-673\" style=\"width: 150px;\" src=\"https:\/\/stajniaklucz.pl\/wp-content\/uploads\/2022\/04\/20210618_110319-scaled.jpg\" alt=\"\" srcset=\"https:\/\/stajniaklucz.pl\/wp-content\/uploads\/2022\/04\/20210618_110319-scaled.jpg 2560w, https:\/\/stajniaklucz.pl\/wp-content\/uploads\/2022\/04\/20210618_110319-300x225.jpg 300w, https:\/\/stajniaklucz.pl\/wp-content\/uploads\/2022\/04\/20210618_110319-1024x768.jpg 1024w, https:\/\/stajniaklucz.pl\/wp-content\/uploads\/2022\/04\/20210618_110319-768x576.jpg 768w, https:\/\/stajniaklucz.pl\/wp-content\/uploads\/2022\/04\/20210618_110319-1536x1152.jpg 1536w, https:\/\/stajniaklucz.pl\/wp-content\/uploads\/2022\/04\/20210618_110319-2048x1536.jpg 2048w, https:\/\/stajniaklucz.pl\/wp-content\/uploads\/2022\/04\/20210618_110319-624x468.jpg 624w\" sizes=\"auto, (max-width: 150px) 100vw, 150px\" \/><\/td><td><img loading=\"lazy\" decoding=\"async\" width=\"150\" height=\"113\" class=\"wp-image-670\" style=\"width: 150px;\" src=\"https:\/\/stajniaklucz.pl\/wp-content\/uploads\/2022\/04\/20210707_205337-scaled.jpg\" alt=\"\" srcset=\"https:\/\/stajniaklucz.pl\/wp-content\/uploads\/2022\/04\/20210707_205337-scaled.jpg 2560w, https:\/\/stajniaklucz.pl\/wp-content\/uploads\/2022\/04\/20210707_205337-300x225.jpg 300w, https:\/\/stajniaklucz.pl\/wp-content\/uploads\/2022\/04\/20210707_205337-1024x768.jpg 1024w, https:\/\/stajniaklucz.pl\/wp-content\/uploads\/2022\/04\/20210707_205337-768x576.jpg 768w, https:\/\/stajniaklucz.pl\/wp-content\/uploads\/2022\/04\/20210707_205337-1536x1152.jpg 1536w, https:\/\/stajniaklucz.pl\/wp-content\/uploads\/2022\/04\/20210707_205337-2048x1536.jpg 2048w, https:\/\/stajniaklucz.pl\/wp-content\/uploads\/2022\/04\/20210707_205337-624x468.jpg 624w\" sizes=\"auto, (max-width: 150px) 100vw, 150px\" \/><\/td><td><img decoding=\"async\" class=\"wp-image-675\" style=\"width: 150px;\" src=\"https:\/\/stajniaklucz.pl\/wp-content\/uploads\/2022\/04\/VID-20200929-WA0001-1.mp4\" alt=\"\"><img loading=\"lazy\" decoding=\"async\" width=\"150\" height=\"113\" class=\"wp-image-671\" style=\"width: 150px;\" src=\"https:\/\/stajniaklucz.pl\/wp-content\/uploads\/2022\/04\/20211225_142538-scaled.jpg\" alt=\"\" srcset=\"https:\/\/stajniaklucz.pl\/wp-content\/uploads\/2022\/04\/20211225_142538-scaled.jpg 2560w, https:\/\/stajniaklucz.pl\/wp-content\/uploads\/2022\/04\/20211225_142538-300x225.jpg 300w, https:\/\/stajniaklucz.pl\/wp-content\/uploads\/2022\/04\/20211225_142538-1024x768.jpg 1024w, https:\/\/stajniaklucz.pl\/wp-content\/uploads\/2022\/04\/20211225_142538-768x576.jpg 768w, https:\/\/stajniaklucz.pl\/wp-content\/uploads\/2022\/04\/20211225_142538-1536x1152.jpg 1536w, https:\/\/stajniaklucz.pl\/wp-content\/uploads\/2022\/04\/20211225_142538-2048x1536.jpg 2048w, https:\/\/stajniaklucz.pl\/wp-content\/uploads\/2022\/04\/20211225_142538-624x468.jpg 624w\" sizes=\"auto, (max-width: 150px) 100vw, 150px\" \/><\/td><td><img loading=\"lazy\" decoding=\"async\" width=\"150\" height=\"113\" class=\"wp-image-138\" style=\"width: 150px;\" src=\"https:\/\/stajniaklucz.pl\/wp-content\/uploads\/2017\/01\/Zdj\u0119cie0069.jpg\" alt=\"\" srcset=\"https:\/\/stajniaklucz.pl\/wp-content\/uploads\/2017\/01\/Zdj\u0119cie0069.jpg 640w, https:\/\/stajniaklucz.pl\/wp-content\/uploads\/2017\/01\/Zdj\u0119cie0069-300x225.jpg 300w, https:\/\/stajniaklucz.pl\/wp-content\/uploads\/2017\/01\/Zdj\u0119cie0069-624x468.jpg 624w\" sizes=\"auto, (max-width: 150px) 100vw, 150px\" \/><\/td><\/tr><\/tbody><\/table><\/figure>\n\n\n\n<p>WARSZTATY&nbsp; PSZCZELARSKIE<\/p>\n\n\n\n<p>Serdecznie zapraszamy go\u015bci indywidualnych oraz grupy zorganizowane.<\/p>\n\n\n\n<p>PROGRAM<\/p>\n\n\n\n<ol class=\"wp-block-list\">\n<li>Znaczenie pszcz\u00f3\u0142 i owad\u00f3w zapylaj\u0105cych dla cz\u0142owieka.<\/li>\n\n\n\n<li>Om\u00f3wienie produkt\u00f3w pszczelich.<\/li>\n\n\n\n<li>Kr\u00f3tka historia bartnictwa w Polsce.<\/li>\n\n\n\n<li>Prezentacja narz\u0119dzi bartnych.<\/li>\n\n\n\n<li>Pokaz pracy bartnika.<\/li>\n\n\n\n<li>Jak powsta\u0142o pszczelarstwo.<\/li>\n\n\n\n<li>Pokaz narz\u0119dzi pszczelarza.<\/li>\n\n\n\n<li>Prezentacja budowy ula.<\/li>\n\n\n\n<li>Wizyta w pasiece. Ka\u017cda osoba wchodz\u0105ca do pasieki ma na g\u0142owie kapelusz pszczelarski. Do pasieki wchodzimy w ma\u0142ych, 5-osobowych grupach, pod opiek\u0105 do\u015bwiadczonego pszczelarza.<\/li>\n\n\n\n<li>Obserwacja pracy pszcz\u00f3\u0142 w ulu pokazowym, kt\u00f3ry ma szklane szyby.<\/li>\n\n\n\n<li>Samodzielne wykonanie \u015bwiecy z wosku pszczelego. \u015awieca mo\u017ce by\u0107 wykonana za pomoc\u0105 formy silikonowej lub zwijana z arkusza w\u0119zy.<\/li>\n\n\n\n<li>Degustacja miodu z naszej pasieki.<\/li>\n\n\n\n<li>Mo\u017cliwo\u015b\u0107 kupienia miodu.<\/li>\n<\/ol>\n\n\n\n<ul class=\"wp-block-list\">\n<li>Czas trwania warsztat\u00f3w: 3-4 &nbsp;godziny.<\/li>\n\n\n\n<li>Godzina do uzgodnienia.<\/li>\n\n\n\n<li>Warsztaty dla grupy wiekowej 6-100 lat.<\/li>\n\n\n\n<li>Grupa zorganizowana: do 30 os\u00f3b.<\/li>\n\n\n\n<li>Osoby uczulone na jad pszczeli nie powinny bra\u0107 udzia\u0142u w wizycie w pasiece.<\/li>\n\n\n\n<li>Zaj\u0119cia odbywaj\u0105 si\u0119 w zadaszonej chacie.<\/li>\n\n\n\n<li>Mo\u017cliwo\u015b\u0107 zam\u00f3wienia pocz\u0119stunku: kie\u0142baska z grilla, danie wegetaria\u0144skie, kawa, herbata, zupa. Menu do uzgodnienia.<\/li>\n\n\n\n<li>Na miejscu plac zabaw dla dzieci.<\/li>\n\n\n\n<li>Toaleta w pobli\u017cu.<\/li>\n<\/ul>\n\n\n\n<p>Cena brutto uczestnictwa w warsztatach:<\/p>\n\n\n\n<ul class=\"wp-block-list\">\n<li>40 z\u0142 bez pocz\u0119stunku<\/li>\n\n\n\n<li>50 z\u0142 z pocz\u0119stunkiem<\/li>\n<\/ul>\n\n\n\n<p>Wystawiamy faktur\u0119 VAT lub paragon fiskalny.<\/p>\n\n\n\n<p>P\u0142atno\u015b\u0107 got\u00f3wk\u0105 lub przelewem.<\/p>\n","protected":false},"excerpt":{"rendered":"<p>WARSZTATY&nbsp; PSZCZELARSKIE Serdecznie zapraszamy go\u015bci indywidualnych oraz grupy zorganizowane. PROGRAM Cena brutto uczestnictwa w warsztatach: Wystawiamy faktur\u0119 VAT lub paragon fiskalny. P\u0142atno\u015b\u0107 got\u00f3wk\u0105 lub przelewem.<\/p>\n","protected":false},"author":2,"featured_media":0,"parent":0,"menu_order":0,"comment_status":"closed","ping_status":"closed","template":"page-templates\/full-width.php","meta":{"footnotes":""},"class_list":["post-667","page","type-page","status-publish","hentry"],"_links":{"self":[{"href":"https:\/\/stajniaklucz.pl\/index.php?rest_route=\/wp\/v2\/pages\/667","targetHints":{"allow":["GET"]}}],"collection":[{"href":"https:\/\/stajniaklucz.pl\/index.php?rest_route=\/wp\/v2\/pages"}],"about":[{"href":"https:\/\/stajniaklucz.pl\/index.php?rest_route=\/wp\/v2\/types\/page"}],"author":[{"embeddable":true,"href":"https:\/\/stajniaklucz.pl\/index.php?rest_route=\/wp\/v2\/users\/2"}],"replies":[{"embeddable":true,"href":"https:\/\/stajniaklucz.pl\/index.php?rest_route=%2Fwp%2Fv2%2Fcomments&post=667"}],"version-history":[{"count":3,"href":"https:\/\/stajniaklucz.pl\/index.php?rest_route=\/wp\/v2\/pages\/667\/revisions"}],"predecessor-version":[{"id":877,"href":"https:\/\/stajniaklucz.pl\/index.php?rest_route=\/wp\/v2\/pages\/667\/revisions\/877"}],"wp:attachment":[{"href":"https:\/\/stajniaklucz.pl\/index.php?rest_route=%2Fwp%2Fv2%2Fmedia&parent=667"}],"curies":[{"name":"wp","href":"https:\/\/api.w.org\/{rel}","templated":true}]}}