{"id":51,"date":"2016-12-05T20:45:03","date_gmt":"2016-12-05T19:45:03","guid":{"rendered":"http:\/\/stajniaklucz.pl\/?page_id=51"},"modified":"2024-01-12T19:53:43","modified_gmt":"2024-01-12T18:53:43","slug":"agroturystyka","status":"publish","type":"page","link":"https:\/\/stajniaklucz.pl\/?page_id=51","title":{"rendered":"Agroturystyka"},"content":{"rendered":"<p>Gospodarstwo agroturystyczne znajduje si\u0119 w\u015br\u00f3d \u0142\u0105k, w malowniczej okolicy Mazowieckiego Obszaru Krajobrazu Chronionego. Oddalone jest niespe\u0142na 30 km na p\u00f3\u0142noc od Warszawy. Blisko\u015b\u0107 Zalewu Zegrzy\u0144skiego, rzeki Narew, lasu sprawia,\u017ce jest to wymarzone miejsce dla aktywnej turystyki i rekreacji oraz hipoterapii.<\/p>\n<p>Nasz\u0105 dum\u0105 jest O\u015brodek Stajnia Klucz.<\/p>\n<p>Obiekt jest dost\u0119pny przez ca\u0142y rok. Do dyspozycji go\u015bci jest 5 pokoi, ka\u017cdy pok\u00f3j ma w\u0142asn\u0105 \u0142azienk\u0119. Pokoje znajduj\u0105 si\u0119 na pi\u0119trze,dost\u0119pna winda.<\/p>\n<p><a href=\"https:\/\/stajniaklucz.pl\/wp-content\/uploads\/2016\/12\/P1270170.jpg\"><img loading=\"lazy\" decoding=\"async\" class=\"alignnone size-medium wp-image-126\" src=\"https:\/\/stajniaklucz.pl\/wp-content\/uploads\/2016\/12\/P1270170-300x225.jpg\" alt=\"\" width=\"300\" height=\"225\" srcset=\"https:\/\/stajniaklucz.pl\/wp-content\/uploads\/2016\/12\/P1270170-300x225.jpg 300w, https:\/\/stajniaklucz.pl\/wp-content\/uploads\/2016\/12\/P1270170-768x576.jpg 768w, https:\/\/stajniaklucz.pl\/wp-content\/uploads\/2016\/12\/P1270170-1024x768.jpg 1024w, https:\/\/stajniaklucz.pl\/wp-content\/uploads\/2016\/12\/P1270170-624x468.jpg 624w, https:\/\/stajniaklucz.pl\/wp-content\/uploads\/2016\/12\/P1270170.jpg 2048w\" sizes=\"auto, (max-width: 300px) 100vw, 300px\" \/><\/a>\u00a0\u00a0<a href=\"https:\/\/stajniaklucz.pl\/wp-content\/uploads\/2016\/12\/P1270162.jpg\"><img loading=\"lazy\" decoding=\"async\" class=\"alignnone size-medium wp-image-128\" src=\"https:\/\/stajniaklucz.pl\/wp-content\/uploads\/2016\/12\/P1270162-300x225.jpg\" alt=\"\" width=\"300\" height=\"225\" srcset=\"https:\/\/stajniaklucz.pl\/wp-content\/uploads\/2016\/12\/P1270162-300x225.jpg 300w, https:\/\/stajniaklucz.pl\/wp-content\/uploads\/2016\/12\/P1270162-768x576.jpg 768w, https:\/\/stajniaklucz.pl\/wp-content\/uploads\/2016\/12\/P1270162-1024x768.jpg 1024w, https:\/\/stajniaklucz.pl\/wp-content\/uploads\/2016\/12\/P1270162-624x468.jpg 624w\" sizes=\"auto, (max-width: 300px) 100vw, 300px\" \/><\/a><\/p>\n<p>pok\u00f3j nr 1 ma 4 \u0142\u00f3\u017cka, mo\u017cliwo\u015b\u0107 dostawienia 1 \u0142\u00f3\u017cka polowego,<\/p>\n<p>pok\u00f3j nr 2 ma 2 \u0142\u00f3\u017cka oraz telewizor,<\/p>\n<p>pok\u00f3j nr 3 ma 3 \u0142\u00f3\u017cka, mo\u017cliwo\u015b\u0107 dostawienia 1 \u0142\u00f3\u017cka,<\/p>\n<p>pok\u00f3j nr 4 ma 3 \u0142\u00f3\u017cka, mo\u017cliwo\u015b\u0107 dostawienia 1 \u0142\u00f3\u017cka,<\/p>\n<p>pok\u00f3j nr 5 ma 3 \u0142\u00f3\u017cka.<\/p>\n<p>Dla wi\u0119kszych grup przygotowujemy sal\u0119 wieloosobow\u0105, wtedy \u0142azienka na korytarzu. Dla go\u015bci przygotowany jest mini aneks kuchenny wyposa\u017cony w lod\u00f3wk\u0119, zlew kuchenny, kuchenk\u0119 elektryczn\u0105, czajnik bezprzewodowy,podstawowy zestaw talerzy, kubeczk\u00f3w i sztu\u0107c\u00f3w.<\/p>\n<p>Nasza jadalnia mo\u017ce pomie\u015bci\u0107 do 50 os\u00f3b.<\/p>\n<p>Posiadamy ma\u0142\u0105 salk\u0119, kt\u00f3ra mo\u017ce s\u0142u\u017cy\u0107 organizacji szkole\u0144, konferencji,zabaw tanecznych lub zabaw dla dzieci przy okazji organizacji imprez okoliczno\u015bciowych.<\/p>\n<p>Mo\u017cliwo\u015b\u0107 przyjazdu z w\u0142asnym koniem, psem i kotem.<\/p>\n<p>Dla dzieci-plac zabaw.<\/p>\n<p>Do dyspozycji go\u015bci miejsce na ognisko z przygotowanym drewnem oraz zadaszona grill-chata.<strong>\u00a0<\/strong><\/p>\n<p><strong><a href=\"https:\/\/stajniaklucz.pl\/wp-content\/uploads\/2017\/01\/DSCN0256.jpg\"><img loading=\"lazy\" decoding=\"async\" class=\"alignnone size-medium wp-image-154\" src=\"https:\/\/stajniaklucz.pl\/wp-content\/uploads\/2017\/01\/DSCN0256-300x225.jpg\" alt=\"\" width=\"300\" height=\"225\" srcset=\"https:\/\/stajniaklucz.pl\/wp-content\/uploads\/2017\/01\/DSCN0256-300x225.jpg 300w, https:\/\/stajniaklucz.pl\/wp-content\/uploads\/2017\/01\/DSCN0256-768x576.jpg 768w, https:\/\/stajniaklucz.pl\/wp-content\/uploads\/2017\/01\/DSCN0256-1024x768.jpg 1024w, https:\/\/stajniaklucz.pl\/wp-content\/uploads\/2017\/01\/DSCN0256-624x468.jpg 624w\" sizes=\"auto, (max-width: 300px) 100vw, 300px\" \/><\/a>\u00a0 <a href=\"https:\/\/stajniaklucz.pl\/wp-content\/uploads\/2017\/01\/DSCN0253.jpg\"><img loading=\"lazy\" decoding=\"async\" class=\"alignnone size-medium wp-image-151\" src=\"https:\/\/stajniaklucz.pl\/wp-content\/uploads\/2017\/01\/DSCN0253-300x225.jpg\" alt=\"\" width=\"300\" height=\"225\" srcset=\"https:\/\/stajniaklucz.pl\/wp-content\/uploads\/2017\/01\/DSCN0253-300x225.jpg 300w, https:\/\/stajniaklucz.pl\/wp-content\/uploads\/2017\/01\/DSCN0253-768x576.jpg 768w, https:\/\/stajniaklucz.pl\/wp-content\/uploads\/2017\/01\/DSCN0253-1024x768.jpg 1024w, https:\/\/stajniaklucz.pl\/wp-content\/uploads\/2017\/01\/DSCN0253-624x468.jpg 624w\" sizes=\"auto, (max-width: 300px) 100vw, 300px\" \/><\/a>\u00a0\u00a0<a href=\"https:\/\/stajniaklucz.pl\/wp-content\/uploads\/2016\/12\/DSCN0257.jpg\"><img loading=\"lazy\" decoding=\"async\" class=\"alignnone size-medium wp-image-157\" src=\"https:\/\/stajniaklucz.pl\/wp-content\/uploads\/2016\/12\/DSCN0257-300x225.jpg\" alt=\"\" width=\"300\" height=\"225\" srcset=\"https:\/\/stajniaklucz.pl\/wp-content\/uploads\/2016\/12\/DSCN0257-300x225.jpg 300w, https:\/\/stajniaklucz.pl\/wp-content\/uploads\/2016\/12\/DSCN0257-768x576.jpg 768w, https:\/\/stajniaklucz.pl\/wp-content\/uploads\/2016\/12\/DSCN0257-1024x768.jpg 1024w, https:\/\/stajniaklucz.pl\/wp-content\/uploads\/2016\/12\/DSCN0257-624x468.jpg 624w\" sizes=\"auto, (max-width: 300px) 100vw, 300px\" \/><\/a><\/strong><\/p>\n<div id=\"wrapper\" class=\"skepage\">\n<div id=\"main\" class=\"clearfix\">\n<div class=\"main-wrapper-item\">\n<div class=\"page-content default-pagetemp\">\n<div class=\"container post-wrap\">\n<div class=\"row-fluid\">\n<div id=\"content\" class=\"span8\">\n<div id=\"post-80\" class=\"post\">\n<div class=\"skepost\">\n<p><strong>Cennik 2024.<\/strong><\/p>\n<p>nocleg:<\/p>\n<ul>\n<li>80 z\u0142\/osoba ( zni\u017cka 50% dla dzieci do lat 7),<\/li>\n<\/ul>\n<p>Mo\u017cliwo\u015b\u0107 ustalenia indywidualnej oferty cenowej dla wi\u0119kszych grup lub przy d\u0142u\u017cszym pobycie.<\/p>\n<p>Wy\u017cywienie<\/p>\n<ul>\n<li>ca\u0142odniowe 50 z\u0142,<\/li>\n<li>mo\u017cliwo\u015b\u0107 zam\u00f3wienia pojedy\u0144czych posi\u0142k\u00f3w: \u015bniadanie 15z\u0142,obiad 25z\u0142,kolacja 10 z\u0142,obiadokolacja 30 z\u0142,<\/li>\n<li>mo\u017cliwo\u015b\u0107 ustalenia jad\u0142ospisu wed\u0142ug indywidualnej diety.<\/li>\n<\/ul>\n<p><a href=\"https:\/\/stajniaklucz.pl\/wp-content\/uploads\/2016\/11\/DSCN0187-e1483476965104.jpg\"><img loading=\"lazy\" decoding=\"async\" class=\"alignnone size-medium wp-image-94\" src=\"https:\/\/stajniaklucz.pl\/wp-content\/uploads\/2016\/11\/DSCN0187-300x225.jpg\" alt=\"\" width=\"300\" height=\"225\" \/><\/a>\u00a0\u00a0<a href=\"https:\/\/stajniaklucz.pl\/wp-content\/uploads\/2016\/12\/DSCN0224.jpg\"><img loading=\"lazy\" decoding=\"async\" class=\"alignnone size-medium wp-image-115\" src=\"https:\/\/stajniaklucz.pl\/wp-content\/uploads\/2016\/12\/DSCN0224-300x225.jpg\" alt=\"\" width=\"300\" height=\"225\" srcset=\"https:\/\/stajniaklucz.pl\/wp-content\/uploads\/2016\/12\/DSCN0224-300x225.jpg 300w, https:\/\/stajniaklucz.pl\/wp-content\/uploads\/2016\/12\/DSCN0224-768x576.jpg 768w, https:\/\/stajniaklucz.pl\/wp-content\/uploads\/2016\/12\/DSCN0224-1024x768.jpg 1024w, https:\/\/stajniaklucz.pl\/wp-content\/uploads\/2016\/12\/DSCN0224-624x468.jpg 624w\" sizes=\"auto, (max-width: 300px) 100vw, 300px\" \/><\/a>\u00a0\u00a0<a href=\"https:\/\/stajniaklucz.pl\/wp-content\/uploads\/2016\/12\/Zdj\u0119cie0047.jpg\"><img loading=\"lazy\" decoding=\"async\" class=\"alignnone size-medium wp-image-114\" src=\"https:\/\/stajniaklucz.pl\/wp-content\/uploads\/2016\/12\/Zdj\u0119cie0047-300x225.jpg\" alt=\"\" width=\"300\" height=\"225\" srcset=\"https:\/\/stajniaklucz.pl\/wp-content\/uploads\/2016\/12\/Zdj\u0119cie0047-300x225.jpg 300w, https:\/\/stajniaklucz.pl\/wp-content\/uploads\/2016\/12\/Zdj\u0119cie0047-768x576.jpg 768w, https:\/\/stajniaklucz.pl\/wp-content\/uploads\/2016\/12\/Zdj\u0119cie0047-1024x768.jpg 1024w, https:\/\/stajniaklucz.pl\/wp-content\/uploads\/2016\/12\/Zdj\u0119cie0047-624x468.jpg 624w\" sizes=\"auto, (max-width: 300px) 100vw, 300px\" \/><\/a>\u00a0\u00a0<a href=\"https:\/\/stajniaklucz.pl\/wp-content\/uploads\/2016\/12\/Zdj\u0119cie0049.jpg\"><img loading=\"lazy\" decoding=\"async\" class=\"alignnone size-medium wp-image-116\" src=\"https:\/\/stajniaklucz.pl\/wp-content\/uploads\/2016\/12\/Zdj\u0119cie0049-300x225.jpg\" alt=\"\" width=\"300\" height=\"225\" srcset=\"https:\/\/stajniaklucz.pl\/wp-content\/uploads\/2016\/12\/Zdj\u0119cie0049-300x225.jpg 300w, https:\/\/stajniaklucz.pl\/wp-content\/uploads\/2016\/12\/Zdj\u0119cie0049-768x576.jpg 768w, https:\/\/stajniaklucz.pl\/wp-content\/uploads\/2016\/12\/Zdj\u0119cie0049-1024x768.jpg 1024w, https:\/\/stajniaklucz.pl\/wp-content\/uploads\/2016\/12\/Zdj\u0119cie0049-624x468.jpg 624w\" sizes=\"auto, (max-width: 300px) 100vw, 300px\" \/><\/a>\u00a0 <a href=\"https:\/\/stajniaklucz.pl\/wp-content\/uploads\/2016\/12\/P1210037-1.jpg\"><img loading=\"lazy\" decoding=\"async\" class=\"alignnone size-medium wp-image-64\" src=\"https:\/\/stajniaklucz.pl\/wp-content\/uploads\/2016\/12\/P1210037-1-300x225.jpg\" alt=\"\" width=\"300\" height=\"225\" srcset=\"https:\/\/stajniaklucz.pl\/wp-content\/uploads\/2016\/12\/P1210037-1-300x225.jpg 300w, https:\/\/stajniaklucz.pl\/wp-content\/uploads\/2016\/12\/P1210037-1-768x576.jpg 768w, https:\/\/stajniaklucz.pl\/wp-content\/uploads\/2016\/12\/P1210037-1-1024x768.jpg 1024w, https:\/\/stajniaklucz.pl\/wp-content\/uploads\/2016\/12\/P1210037-1-624x468.jpg 624w, https:\/\/stajniaklucz.pl\/wp-content\/uploads\/2016\/12\/P1210037-1.jpg 2048w\" sizes=\"auto, (max-width: 300px) 100vw, 300px\" \/><\/a>\u00a0 \u00a0<a href=\"https:\/\/stajniaklucz.pl\/wp-content\/uploads\/2016\/12\/Zdjecie0051.jpg\"><img loading=\"lazy\" decoding=\"async\" class=\"alignnone size-medium wp-image-124\" src=\"https:\/\/stajniaklucz.pl\/wp-content\/uploads\/2016\/12\/Zdjecie0051-225x300.jpg\" alt=\"\" width=\"225\" height=\"300\" srcset=\"https:\/\/stajniaklucz.pl\/wp-content\/uploads\/2016\/12\/Zdjecie0051-225x300.jpg 225w, https:\/\/stajniaklucz.pl\/wp-content\/uploads\/2016\/12\/Zdjecie0051-768x1024.jpg 768w, https:\/\/stajniaklucz.pl\/wp-content\/uploads\/2016\/12\/Zdjecie0051-624x832.jpg 624w, https:\/\/stajniaklucz.pl\/wp-content\/uploads\/2016\/12\/Zdjecie0051.jpg 1944w\" sizes=\"auto, (max-width: 225px) 100vw, 225px\" \/><\/a>\u00a0\u00a0<a href=\"https:\/\/stajniaklucz.pl\/wp-content\/uploads\/2016\/12\/P1210928.jpg\"><img loading=\"lazy\" decoding=\"async\" class=\"alignnone size-medium wp-image-125\" src=\"https:\/\/stajniaklucz.pl\/wp-content\/uploads\/2016\/12\/P1210928-300x225.jpg\" alt=\"\" width=\"300\" height=\"225\" srcset=\"https:\/\/stajniaklucz.pl\/wp-content\/uploads\/2016\/12\/P1210928-300x225.jpg 300w, https:\/\/stajniaklucz.pl\/wp-content\/uploads\/2016\/12\/P1210928-768x576.jpg 768w, https:\/\/stajniaklucz.pl\/wp-content\/uploads\/2016\/12\/P1210928-1024x768.jpg 1024w, https:\/\/stajniaklucz.pl\/wp-content\/uploads\/2016\/12\/P1210928-624x468.jpg 624w, https:\/\/stajniaklucz.pl\/wp-content\/uploads\/2016\/12\/P1210928.jpg 2048w\" sizes=\"auto, (max-width: 300px) 100vw, 300px\" \/><\/a>\u00a0\u00a0\u00a0 <a href=\"https:\/\/stajniaklucz.pl\/wp-content\/uploads\/2021\/02\/DSCN0437-scaled.jpg\"><img loading=\"lazy\" decoding=\"async\" class=\"alignnone size-medium wp-image-388\" src=\"https:\/\/stajniaklucz.pl\/wp-content\/uploads\/2021\/02\/DSCN0437-300x225.jpg\" alt=\"\" width=\"300\" height=\"225\" srcset=\"https:\/\/stajniaklucz.pl\/wp-content\/uploads\/2021\/02\/DSCN0437-300x225.jpg 300w, https:\/\/stajniaklucz.pl\/wp-content\/uploads\/2021\/02\/DSCN0437-1024x768.jpg 1024w, https:\/\/stajniaklucz.pl\/wp-content\/uploads\/2021\/02\/DSCN0437-768x576.jpg 768w, https:\/\/stajniaklucz.pl\/wp-content\/uploads\/2021\/02\/DSCN0437-1536x1152.jpg 1536w, https:\/\/stajniaklucz.pl\/wp-content\/uploads\/2021\/02\/DSCN0437-2048x1536.jpg 2048w, https:\/\/stajniaklucz.pl\/wp-content\/uploads\/2021\/02\/DSCN0437-624x468.jpg 624w\" sizes=\"auto, (max-width: 300px) 100vw, 300px\" \/><\/a> <a href=\"https:\/\/stajniaklucz.pl\/wp-content\/uploads\/2017\/01\/Zdj\u0119cie0095.jpg\"><img loading=\"lazy\" decoding=\"async\" class=\"alignnone wp-image-137 size-medium\" src=\"https:\/\/stajniaklucz.pl\/wp-content\/uploads\/2017\/01\/Zdj\u0119cie0095-e1616364798678-225x300.jpg\" alt=\"\" width=\"225\" height=\"300\" srcset=\"https:\/\/stajniaklucz.pl\/wp-content\/uploads\/2017\/01\/Zdj\u0119cie0095-e1616364798678-225x300.jpg 225w, https:\/\/stajniaklucz.pl\/wp-content\/uploads\/2017\/01\/Zdj\u0119cie0095-e1616364798678-768x1024.jpg 768w, https:\/\/stajniaklucz.pl\/wp-content\/uploads\/2017\/01\/Zdj\u0119cie0095-e1616364798678-624x832.jpg 624w, https:\/\/stajniaklucz.pl\/wp-content\/uploads\/2017\/01\/Zdj\u0119cie0095-e1616364798678-1152x1536.jpg 1152w, https:\/\/stajniaklucz.pl\/wp-content\/uploads\/2017\/01\/Zdj\u0119cie0095-e1616364798678-1536x2048.jpg 1536w, https:\/\/stajniaklucz.pl\/wp-content\/uploads\/2017\/01\/Zdj\u0119cie0095-e1616364798678.jpg 1920w\" sizes=\"auto, (max-width: 225px) 100vw, 225px\" \/><\/a> \u00a0\u00a0<a href=\"https:\/\/stajniaklucz.pl\/wp-content\/uploads\/2017\/01\/Zdj\u0119cie0210.jpg\"><img loading=\"lazy\" decoding=\"async\" class=\"alignnone size-medium wp-image-140\" src=\"https:\/\/stajniaklucz.pl\/wp-content\/uploads\/2017\/01\/Zdj\u0119cie0210-300x225.jpg\" alt=\"\" width=\"300\" height=\"225\" srcset=\"https:\/\/stajniaklucz.pl\/wp-content\/uploads\/2017\/01\/Zdj\u0119cie0210-300x225.jpg 300w, https:\/\/stajniaklucz.pl\/wp-content\/uploads\/2017\/01\/Zdj\u0119cie0210-768x576.jpg 768w, https:\/\/stajniaklucz.pl\/wp-content\/uploads\/2017\/01\/Zdj\u0119cie0210-1024x768.jpg 1024w, https:\/\/stajniaklucz.pl\/wp-content\/uploads\/2017\/01\/Zdj\u0119cie0210-624x468.jpg 624w\" sizes=\"auto, (max-width: 300px) 100vw, 300px\" \/> <\/a><a href=\"https:\/\/stajniaklucz.pl\/wp-content\/uploads\/2017\/01\/Zdj\u0119cie0069.jpg\"><img loading=\"lazy\" decoding=\"async\" class=\"alignnone size-medium wp-image-138\" src=\"https:\/\/stajniaklucz.pl\/wp-content\/uploads\/2017\/01\/Zdj\u0119cie0069-300x225.jpg\" alt=\"\" width=\"300\" height=\"225\" srcset=\"https:\/\/stajniaklucz.pl\/wp-content\/uploads\/2017\/01\/Zdj\u0119cie0069-300x225.jpg 300w, https:\/\/stajniaklucz.pl\/wp-content\/uploads\/2017\/01\/Zdj\u0119cie0069-624x468.jpg 624w, https:\/\/stajniaklucz.pl\/wp-content\/uploads\/2017\/01\/Zdj\u0119cie0069.jpg 640w\" sizes=\"auto, (max-width: 300px) 100vw, 300px\" \/> <\/a><a href=\"https:\/\/stajniaklucz.pl\/wp-content\/uploads\/2016\/12\/Zdj\u0119cie0141.jpg\"><img loading=\"lazy\" decoding=\"async\" class=\"alignnone size-medium wp-image-132\" src=\"https:\/\/stajniaklucz.pl\/wp-content\/uploads\/2016\/12\/Zdj\u0119cie0141-300x225.jpg\" alt=\"\" width=\"300\" height=\"225\" srcset=\"https:\/\/stajniaklucz.pl\/wp-content\/uploads\/2016\/12\/Zdj\u0119cie0141-300x225.jpg 300w, https:\/\/stajniaklucz.pl\/wp-content\/uploads\/2016\/12\/Zdj\u0119cie0141-768x576.jpg 768w, https:\/\/stajniaklucz.pl\/wp-content\/uploads\/2016\/12\/Zdj\u0119cie0141-1024x768.jpg 1024w, https:\/\/stajniaklucz.pl\/wp-content\/uploads\/2016\/12\/Zdj\u0119cie0141-624x468.jpg 624w\" sizes=\"auto, (max-width: 300px) 100vw, 300px\" \/><\/a><\/p>\n<\/div>\n<\/div>\n<\/div>\n<\/div>\n<\/div>\n<\/div>\n<\/div>\n<\/div>\n<\/div>\n\n\n<p><\/p>\n","protected":false},"excerpt":{"rendered":"<p>Gospodarstwo agroturystyczne znajduje si\u0119 w\u015br\u00f3d \u0142\u0105k, w malowniczej okolicy Mazowieckiego Obszaru Krajobrazu Chronionego. Oddalone jest niespe\u0142na 30 km na p\u00f3\u0142noc od Warszawy. Blisko\u015b\u0107 Zalewu Zegrzy\u0144skiego, rzeki Narew, lasu sprawia,\u017ce jest to wymarzone miejsce dla aktywnej turystyki i rekreacji oraz hipoterapii. Nasz\u0105 dum\u0105 jest O\u015brodek Stajnia Klucz. Obiekt jest dost\u0119pny przez ca\u0142y rok. Do dyspozycji go\u015bci [&hellip;]<\/p>\n","protected":false},"author":1,"featured_media":0,"parent":0,"menu_order":0,"comment_status":"closed","ping_status":"closed","template":"page-templates\/full-width.php","meta":{"footnotes":""},"class_list":["post-51","page","type-page","status-publish","hentry"],"_links":{"self":[{"href":"https:\/\/stajniaklucz.pl\/index.php?rest_route=\/wp\/v2\/pages\/51","targetHints":{"allow":["GET"]}}],"collection":[{"href":"https:\/\/stajniaklucz.pl\/index.php?rest_route=\/wp\/v2\/pages"}],"about":[{"href":"https:\/\/stajniaklucz.pl\/index.php?rest_route=\/wp\/v2\/types\/page"}],"author":[{"embeddable":true,"href":"https:\/\/stajniaklucz.pl\/index.php?rest_route=\/wp\/v2\/users\/1"}],"replies":[{"embeddable":true,"href":"https:\/\/stajniaklucz.pl\/index.php?rest_route=%2Fwp%2Fv2%2Fcomments&post=51"}],"version-history":[{"count":23,"href":"https:\/\/stajniaklucz.pl\/index.php?rest_route=\/wp\/v2\/pages\/51\/revisions"}],"predecessor-version":[{"id":874,"href":"https:\/\/stajniaklucz.pl\/index.php?rest_route=\/wp\/v2\/pages\/51\/revisions\/874"}],"wp:attachment":[{"href":"https:\/\/stajniaklucz.pl\/index.php?rest_route=%2Fwp%2Fv2%2Fmedia&parent=51"}],"curies":[{"name":"wp","href":"https:\/\/api.w.org\/{rel}","templated":true}]}}