{"id":274,"date":"2021-01-24T11:42:37","date_gmt":"2021-01-24T10:42:37","guid":{"rendered":"http:\/\/stajniaklucz.pl\/?page_id=274"},"modified":"2024-11-26T18:05:14","modified_gmt":"2024-11-26T17:05:14","slug":"pensjonat-dla-koni","status":"publish","type":"page","link":"https:\/\/stajniaklucz.pl\/?page_id=274","title":{"rendered":"Pensjonat dla koni"},"content":{"rendered":"\n<p>Konie stoj\u0105 w stajniach klasycznych, murowanych oraz w stajni angielskiej ,drewnianej.<\/p>\n\n\n\n<p><strong>Oferujemy:<\/strong><\/p>\n\n\n\n<p>-ca\u0142odobow\u0105 opiek\u0119, jako w\u0142a\u015bciciele Stajni  jeste\u015bmy na miejscu,<\/p>\n\n\n\n<p>-weterynarz dost\u0119pny ca\u0142odobowo pod telefonem,<\/p>\n\n\n\n<p>-kowale na wezwanie,<\/p>\n\n\n\n<p>-3 instruktor\u00f3w jazdy konnej, wszystkie poziomy,<\/p>\n\n\n\n<p>-dobrych stajennych, lubi\u0105cych swoj\u0105 prac\u0119,<\/p>\n\n\n\n<p>-codzienne sprz\u0105tanie boks\u00f3w,\u015bci\u00f3\u0142ka: s\u0142oma , trociny, \u015bci\u00f3\u0142ka lniana,<\/p>\n\n\n\n<p>-karmienie wed\u0142ug wskaz\u00f3wek w\u0142a\u015bciciela, dobrej jako\u015bci siano z w\u0142asnych    \u0142\u0105k,podawanie suplement\u00f3w,<\/p>\n\n\n\n<p>-derkowanie i zak\u0142adanie owijek\/ochraniaczy,<\/p>\n\n\n\n<p>-codzienne przebywanie konia na pastwisku indywidualnie lub w stadzie,<\/p>\n\n\n\n<p>-zielone pastwiska oko\u0142o 10 ha, ogrodzone elektrycznym pastuchem.<\/p>\n\n\n\n<p>-wystawiamy faktur\u0119 VAT lub paragon fiskalny.<\/p>\n\n\n\n<p><strong>Infrastruktura:<\/strong><\/p>\n\n\n\n<p>-Kryta uje\u017cd\u017calnia , nie namiotowa, 20&#215;42  z pod\u0142o\u017cem kwarcowym , prosto z Cavaliady 2024 r. na Torwarze w Warszawie. <\/p>\n\n\n\n<p>Hala jest jasna dzi\u0119ki wbudowanym \u015bwietlikom na wszystkich \u015bcianach oraz w kalenicy dachu.<\/p>\n\n\n\n<p>-zewn\u0119trzny, ogrodzony, o\u015bwietlony czworobok 20&#215;60 z pod\u0142o\u017cem: piasek kwarcowy ze skrawkami filcu na solidnej podbudowie,<\/p>\n\n\n\n<p>-zewn\u0119trzny, ogrodzony czworobok 40&#215;100 z pod\u0142o\u017cem rodzimym, z kompletem podstawowych przeszk\u00f3d, stojaki aluminiowe, dr\u0105gi drewniane,co roku odnawiane, kolorowe krzy\u017caki z tworzywa do cavaletti,<\/p>\n\n\n\n<p>-lon\u017cownik odkryty o \u015brednicy 25 m,<\/p>\n\n\n\n<p>-myjki zewn\u0119trzne,<\/p>\n\n\n\n<p>-ogrzewane siodlarnie,<\/p>\n\n\n\n<p>-zaplecze socjalne: ogrzewane pomieszczenie wyposa\u017cone w czajnik bezprzewodowy i kuchenk\u0119 mikrofalow\u0105,mo\u017cliwo\u015b\u0107 zam\u00f3wienia obiadu, jedzenie wegetaria\u0144skie, mo\u017cliwo\u015b\u0107 skorzystania z kapieli pod prysznicem.<\/p>\n\n\n\n<figure class=\"wp-block-gallery has-nested-images columns-default is-cropped wp-block-gallery-1 is-layout-flex wp-block-gallery-is-layout-flex\"><\/figure>\n\n\n\n<figure class=\"wp-block-video\"><video height=\"352\" style=\"aspect-ratio: 640 \/ 352;\" width=\"640\" controls src=\"https:\/\/stajniaklucz.pl\/wp-content\/uploads\/2021\/01\/VID-20201105-WA0000-1.mp4\"><\/video><\/figure>\n\n\n\n<p>To jest nasze pod\u0142o\u017ce z filcu na ujezd\u017calni o wymiarach 20&#215;60. Rok 2020.<\/p>\n\n\n\n<p>Teraz mamy takie pod\u0142o\u017ce na naszej zewn\u0119trznej, o\u015bwietlonej uje\u017cd\u017calni. Rok 2022.<\/p>\n\n\n\n<figure class=\"wp-block-image size-large\"><a href=\"https:\/\/stajniaklucz.pl\/wp-content\/uploads\/2022\/07\/20220629_1839181-scaled.jpg\"><img loading=\"lazy\" decoding=\"async\" width=\"1024\" height=\"768\" src=\"https:\/\/stajniaklucz.pl\/wp-content\/uploads\/2022\/07\/20220629_1839181-1024x768.jpg\" alt=\"\" class=\"wp-image-737\" srcset=\"https:\/\/stajniaklucz.pl\/wp-content\/uploads\/2022\/07\/20220629_1839181-1024x768.jpg 1024w, https:\/\/stajniaklucz.pl\/wp-content\/uploads\/2022\/07\/20220629_1839181-300x225.jpg 300w, https:\/\/stajniaklucz.pl\/wp-content\/uploads\/2022\/07\/20220629_1839181-768x576.jpg 768w, https:\/\/stajniaklucz.pl\/wp-content\/uploads\/2022\/07\/20220629_1839181-1536x1152.jpg 1536w, https:\/\/stajniaklucz.pl\/wp-content\/uploads\/2022\/07\/20220629_1839181-2048x1536.jpg 2048w, https:\/\/stajniaklucz.pl\/wp-content\/uploads\/2022\/07\/20220629_1839181-624x468.jpg 624w\" sizes=\"auto, (max-width: 1024px) 100vw, 1024px\" \/><\/a><\/figure>\n\n\n\n<p>.<\/p>\n\n\n\n<p><\/p>\n\n\n\n<p><\/p>\n","protected":false},"excerpt":{"rendered":"<p>Konie stoj\u0105 w stajniach klasycznych, murowanych oraz w stajni angielskiej ,drewnianej. Oferujemy: -ca\u0142odobow\u0105 opiek\u0119, jako w\u0142a\u015bciciele Stajni jeste\u015bmy na miejscu, -weterynarz dost\u0119pny ca\u0142odobowo pod telefonem, -kowale na wezwanie, -3 instruktor\u00f3w jazdy konnej, wszystkie poziomy, -dobrych stajennych, lubi\u0105cych swoj\u0105 prac\u0119, -codzienne sprz\u0105tanie boks\u00f3w,\u015bci\u00f3\u0142ka: s\u0142oma , trociny, \u015bci\u00f3\u0142ka lniana, -karmienie wed\u0142ug wskaz\u00f3wek w\u0142a\u015bciciela, dobrej jako\u015bci siano z [&hellip;]<\/p>\n","protected":false},"author":2,"featured_media":0,"parent":0,"menu_order":0,"comment_status":"closed","ping_status":"closed","template":"page-templates\/full-width.php","meta":{"footnotes":""},"class_list":["post-274","page","type-page","status-publish","hentry"],"_links":{"self":[{"href":"https:\/\/stajniaklucz.pl\/index.php?rest_route=\/wp\/v2\/pages\/274","targetHints":{"allow":["GET"]}}],"collection":[{"href":"https:\/\/stajniaklucz.pl\/index.php?rest_route=\/wp\/v2\/pages"}],"about":[{"href":"https:\/\/stajniaklucz.pl\/index.php?rest_route=\/wp\/v2\/types\/page"}],"author":[{"embeddable":true,"href":"https:\/\/stajniaklucz.pl\/index.php?rest_route=\/wp\/v2\/users\/2"}],"replies":[{"embeddable":true,"href":"https:\/\/stajniaklucz.pl\/index.php?rest_route=%2Fwp%2Fv2%2Fcomments&post=274"}],"version-history":[{"count":18,"href":"https:\/\/stajniaklucz.pl\/index.php?rest_route=\/wp\/v2\/pages\/274\/revisions"}],"predecessor-version":[{"id":913,"href":"https:\/\/stajniaklucz.pl\/index.php?rest_route=\/wp\/v2\/pages\/274\/revisions\/913"}],"wp:attachment":[{"href":"https:\/\/stajniaklucz.pl\/index.php?rest_route=%2Fwp%2Fv2%2Fmedia&parent=274"}],"curies":[{"name":"wp","href":"https:\/\/api.w.org\/{rel}","templated":true}]}}