{"id":26,"date":"2016-11-20T18:30:00","date_gmt":"2016-11-20T17:30:00","guid":{"rendered":"http:\/\/stajniaklucz.pl\/?page_id=26"},"modified":"2026-03-20T20:01:46","modified_gmt":"2026-03-20T19:01:46","slug":"wydarzenia","status":"publish","type":"page","link":"https:\/\/stajniaklucz.pl\/?page_id=26","title":{"rendered":"Aktualno\u015bci"},"content":{"rendered":"<p>\u015acie\u017cka Konia. Program.<\/p>\n<p>1.powitanie uczestnik\u00f3w<\/p>\n<p>2.kr\u00f3tka pogadanka na temat koni dostosowana do wieku uczestnik\u00f3w: ko\u0144 w<br \/>\nhistorii rozwoju cywilizacji i wsp\u00f3\u0142czesna wsp\u00f3\u0142praca z koniem,<\/p>\n<p>3. zwiedzanie Stajni,<\/p>\n<p>4.oprowadzanie na koniach. Ko\u0144 jest prowadzony w r\u0119ku przez pracownika<br \/>\nStajni. Ka\u017cdy je\u017adziec jest zobowi\u0105zany do za\u0142o\u017cenia na g\u0142ow\u0119 kasku<br \/>\nje\u017adzieckiego,<\/p>\n<p>5.przejazd bryczk\u0105,<\/p>\n<p>6.pocz\u0119stunek-ognisko z kie\u0142baskami lub potrawy z grilla.Menu do<br \/>\nuzgodnienia.Uwzgl\u0119dniamy menu wegetaria\u0144skie.<\/p>\n<p>7. po\u017cegnanie go\u015bci.<\/p>\n<p>Serdecznie zapraszamy grupy\u00a0 zorganizowane i osoby indywidualne.<\/p>\n<p>Cennik 2026. :<br \/>\n80 z\u0142 od osoby obejmuje: uczestnictwo w \u015aCIE\u017bCE KONIA, kie\u0142baska z ogniska\/grilla lub danie wegetaria\u0144skie, pieczywo,ketchup,musztarda, woda mineralna,herbata.<\/p>\n<p><a href=\"https:\/\/stajniaklucz.pl\/wp-content\/uploads\/2018\/03\/Zdj\u0119cie0179.jpg\"><img loading=\"lazy\" decoding=\"async\" class=\"alignnone size-medium wp-image-236\" src=\"https:\/\/stajniaklucz.pl\/wp-content\/uploads\/2018\/03\/Zdj\u0119cie0179-300x225.jpg\" alt=\"\" width=\"300\" height=\"225\" srcset=\"https:\/\/stajniaklucz.pl\/wp-content\/uploads\/2018\/03\/Zdj\u0119cie0179-300x225.jpg 300w, https:\/\/stajniaklucz.pl\/wp-content\/uploads\/2018\/03\/Zdj\u0119cie0179-768x576.jpg 768w, https:\/\/stajniaklucz.pl\/wp-content\/uploads\/2018\/03\/Zdj\u0119cie0179-1024x768.jpg 1024w, https:\/\/stajniaklucz.pl\/wp-content\/uploads\/2018\/03\/Zdj\u0119cie0179-624x468.jpg 624w\" sizes=\"auto, (max-width: 300px) 100vw, 300px\" \/><\/a>\u00a0<a href=\"https:\/\/stajniaklucz.pl\/wp-content\/uploads\/2018\/03\/20110603185-2kopia.jpg\"><img loading=\"lazy\" decoding=\"async\" class=\"alignnone size-medium wp-image-235\" src=\"https:\/\/stajniaklucz.pl\/wp-content\/uploads\/2018\/03\/20110603185-2kopia-300x225.jpg\" alt=\"\" width=\"300\" height=\"225\" srcset=\"https:\/\/stajniaklucz.pl\/wp-content\/uploads\/2018\/03\/20110603185-2kopia-300x225.jpg 300w, https:\/\/stajniaklucz.pl\/wp-content\/uploads\/2018\/03\/20110603185-2kopia-768x576.jpg 768w, https:\/\/stajniaklucz.pl\/wp-content\/uploads\/2018\/03\/20110603185-2kopia.jpg 1024w, https:\/\/stajniaklucz.pl\/wp-content\/uploads\/2018\/03\/20110603185-2kopia-624x468.jpg 624w\" sizes=\"auto, (max-width: 300px) 100vw, 300px\" \/><\/a>\u00a0<a href=\"https:\/\/stajniaklucz.pl\/wp-content\/uploads\/2016\/12\/Zdjecie0051.jpg\"><img loading=\"lazy\" decoding=\"async\" class=\"alignnone size-medium wp-image-124\" src=\"https:\/\/stajniaklucz.pl\/wp-content\/uploads\/2016\/12\/Zdjecie0051-225x300.jpg\" alt=\"\" width=\"225\" height=\"300\" srcset=\"https:\/\/stajniaklucz.pl\/wp-content\/uploads\/2016\/12\/Zdjecie0051-225x300.jpg 225w, https:\/\/stajniaklucz.pl\/wp-content\/uploads\/2016\/12\/Zdjecie0051-768x1024.jpg 768w, https:\/\/stajniaklucz.pl\/wp-content\/uploads\/2016\/12\/Zdjecie0051-624x832.jpg 624w, https:\/\/stajniaklucz.pl\/wp-content\/uploads\/2016\/12\/Zdjecie0051.jpg 1944w\" sizes=\"auto, (max-width: 225px) 100vw, 225px\" \/><\/a>\u00a0<a href=\"https:\/\/stajniaklucz.pl\/wp-content\/uploads\/2016\/12\/P1210928.jpg\"><img loading=\"lazy\" decoding=\"async\" class=\"alignnone size-medium wp-image-125\" src=\"https:\/\/stajniaklucz.pl\/wp-content\/uploads\/2016\/12\/P1210928-300x225.jpg\" alt=\"\" width=\"300\" height=\"225\" srcset=\"https:\/\/stajniaklucz.pl\/wp-content\/uploads\/2016\/12\/P1210928-300x225.jpg 300w, https:\/\/stajniaklucz.pl\/wp-content\/uploads\/2016\/12\/P1210928-768x576.jpg 768w, https:\/\/stajniaklucz.pl\/wp-content\/uploads\/2016\/12\/P1210928-1024x768.jpg 1024w, https:\/\/stajniaklucz.pl\/wp-content\/uploads\/2016\/12\/P1210928-624x468.jpg 624w, https:\/\/stajniaklucz.pl\/wp-content\/uploads\/2016\/12\/P1210928.jpg 2048w\" sizes=\"auto, (max-width: 300px) 100vw, 300px\" \/>\u00a0<\/a><a href=\"https:\/\/stajniaklucz.pl\/wp-content\/uploads\/2016\/12\/Zdj\u0119cie0103.jpg\"><img loading=\"lazy\" decoding=\"async\" class=\"alignnone size-medium wp-image-130\" src=\"https:\/\/stajniaklucz.pl\/wp-content\/uploads\/2016\/12\/Zdj\u0119cie0103-300x225.jpg\" alt=\"\" width=\"300\" height=\"225\" srcset=\"https:\/\/stajniaklucz.pl\/wp-content\/uploads\/2016\/12\/Zdj\u0119cie0103-300x225.jpg 300w, https:\/\/stajniaklucz.pl\/wp-content\/uploads\/2016\/12\/Zdj\u0119cie0103-768x576.jpg 768w, https:\/\/stajniaklucz.pl\/wp-content\/uploads\/2016\/12\/Zdj\u0119cie0103-1024x768.jpg 1024w, https:\/\/stajniaklucz.pl\/wp-content\/uploads\/2016\/12\/Zdj\u0119cie0103-624x468.jpg 624w\" sizes=\"auto, (max-width: 300px) 100vw, 300px\" \/>\u00a0<\/a><a href=\"https:\/\/stajniaklucz.pl\/wp-content\/uploads\/2018\/03\/DSCN0253.jpg\"><img loading=\"lazy\" decoding=\"async\" class=\"alignnone size-medium wp-image-240\" src=\"https:\/\/stajniaklucz.pl\/wp-content\/uploads\/2018\/03\/DSCN0253-300x225.jpg\" alt=\"\" width=\"300\" height=\"225\" srcset=\"https:\/\/stajniaklucz.pl\/wp-content\/uploads\/2018\/03\/DSCN0253-300x225.jpg 300w, https:\/\/stajniaklucz.pl\/wp-content\/uploads\/2018\/03\/DSCN0253-768x576.jpg 768w, https:\/\/stajniaklucz.pl\/wp-content\/uploads\/2018\/03\/DSCN0253-1024x768.jpg 1024w, https:\/\/stajniaklucz.pl\/wp-content\/uploads\/2018\/03\/DSCN0253-624x468.jpg 624w\" sizes=\"auto, (max-width: 300px) 100vw, 300px\" \/><\/a><\/p>\n","protected":false},"excerpt":{"rendered":"<p>\u015acie\u017cka Konia. Program. 1.powitanie uczestnik\u00f3w 2.kr\u00f3tka pogadanka na temat koni dostosowana do wieku uczestnik\u00f3w: ko\u0144 w historii rozwoju cywilizacji i wsp\u00f3\u0142czesna wsp\u00f3\u0142praca z koniem, 3. zwiedzanie Stajni, 4.oprowadzanie na koniach. Ko\u0144 jest prowadzony w r\u0119ku przez pracownika Stajni. Ka\u017cdy je\u017adziec jest zobowi\u0105zany do za\u0142o\u017cenia na g\u0142ow\u0119 kasku je\u017adzieckiego, 5.przejazd bryczk\u0105, 6.pocz\u0119stunek-ognisko z kie\u0142baskami lub potrawy [&hellip;]<\/p>\n","protected":false},"author":1,"featured_media":0,"parent":2,"menu_order":0,"comment_status":"closed","ping_status":"closed","template":"page-templates\/full-width.php","meta":{"footnotes":""},"class_list":["post-26","page","type-page","status-publish","hentry"],"_links":{"self":[{"href":"https:\/\/stajniaklucz.pl\/index.php?rest_route=\/wp\/v2\/pages\/26","targetHints":{"allow":["GET"]}}],"collection":[{"href":"https:\/\/stajniaklucz.pl\/index.php?rest_route=\/wp\/v2\/pages"}],"about":[{"href":"https:\/\/stajniaklucz.pl\/index.php?rest_route=\/wp\/v2\/types\/page"}],"author":[{"embeddable":true,"href":"https:\/\/stajniaklucz.pl\/index.php?rest_route=\/wp\/v2\/users\/1"}],"replies":[{"embeddable":true,"href":"https:\/\/stajniaklucz.pl\/index.php?rest_route=%2Fwp%2Fv2%2Fcomments&post=26"}],"version-history":[{"count":17,"href":"https:\/\/stajniaklucz.pl\/index.php?rest_route=\/wp\/v2\/pages\/26\/revisions"}],"predecessor-version":[{"id":976,"href":"https:\/\/stajniaklucz.pl\/index.php?rest_route=\/wp\/v2\/pages\/26\/revisions\/976"}],"up":[{"embeddable":true,"href":"https:\/\/stajniaklucz.pl\/index.php?rest_route=\/wp\/v2\/pages\/2"}],"wp:attachment":[{"href":"https:\/\/stajniaklucz.pl\/index.php?rest_route=%2Fwp%2Fv2%2Fmedia&parent=26"}],"curies":[{"name":"wp","href":"https:\/\/api.w.org\/{rel}","templated":true}]}}