{"id":2,"date":"2016-11-20T11:08:18","date_gmt":"2016-11-20T11:08:18","guid":{"rendered":""},"modified":"2026-03-20T19:59:42","modified_gmt":"2026-03-20T18:59:42","slug":"sample-page","status":"publish","type":"page","link":"https:\/\/stajniaklucz.pl\/","title":{"rendered":"Nasza ma\u0142a Ojczyzna, nasz Klucz."},"content":{"rendered":"\n<div class=\"wp-block-columns is-layout-flex wp-container-core-columns-is-layout-9d6595d7 wp-block-columns-is-layout-flex\">\n<div class=\"wp-block-column is-layout-flow wp-block-column-is-layout-flow\" style=\"flex-basis:100%\">\n<div class=\"wp-block-columns is-layout-flex wp-container-core-columns-is-layout-9d6595d7 wp-block-columns-is-layout-flex\">\n<div class=\"wp-block-column is-layout-flow wp-block-column-is-layout-flow\" style=\"flex-basis:50%\">\n<figure class=\"wp-block-gallery has-nested-images columns-default is-cropped wp-block-gallery-1 is-layout-flex wp-block-gallery-is-layout-flex\">\n<figure class=\"wp-block-image size-large\"><a href=\"https:\/\/stajniaklucz.pl\/wp-content\/uploads\/2017\/03\/105_PANA-184.jpg\"><img loading=\"lazy\" decoding=\"async\" width=\"1024\" height=\"577\" data-id=\"188\" src=\"https:\/\/stajniaklucz.pl\/wp-content\/uploads\/2017\/03\/105_PANA-184-1024x577.jpg\" alt=\"\" class=\"wp-image-188\" srcset=\"https:\/\/stajniaklucz.pl\/wp-content\/uploads\/2017\/03\/105_PANA-184-1024x577.jpg 1024w, https:\/\/stajniaklucz.pl\/wp-content\/uploads\/2017\/03\/105_PANA-184-300x169.jpg 300w, https:\/\/stajniaklucz.pl\/wp-content\/uploads\/2017\/03\/105_PANA-184-768x433.jpg 768w, https:\/\/stajniaklucz.pl\/wp-content\/uploads\/2017\/03\/105_PANA-184-624x352.jpg 624w\" sizes=\"auto, (max-width: 1024px) 100vw, 1024px\" \/><\/a><\/figure>\n<\/figure>\n<\/div>\n\n\n\n<div class=\"wp-block-column is-layout-flow wp-block-column-is-layout-flow\" style=\"flex-basis:50%\">\n<figure class=\"wp-block-image size-large\"><a href=\"https:\/\/stajniaklucz.pl\/wp-content\/uploads\/2022\/04\/20220331_103738-scaled.jpg\"><img loading=\"lazy\" decoding=\"async\" width=\"1024\" height=\"768\" src=\"https:\/\/stajniaklucz.pl\/wp-content\/uploads\/2022\/04\/20220331_103738-1024x768.jpg\" alt=\"\" class=\"wp-image-639\" srcset=\"https:\/\/stajniaklucz.pl\/wp-content\/uploads\/2022\/04\/20220331_103738-1024x768.jpg 1024w, https:\/\/stajniaklucz.pl\/wp-content\/uploads\/2022\/04\/20220331_103738-300x225.jpg 300w, https:\/\/stajniaklucz.pl\/wp-content\/uploads\/2022\/04\/20220331_103738-768x576.jpg 768w, https:\/\/stajniaklucz.pl\/wp-content\/uploads\/2022\/04\/20220331_103738-1536x1152.jpg 1536w, https:\/\/stajniaklucz.pl\/wp-content\/uploads\/2022\/04\/20220331_103738-2048x1536.jpg 2048w, https:\/\/stajniaklucz.pl\/wp-content\/uploads\/2022\/04\/20220331_103738-624x468.jpg 624w\" sizes=\"auto, (max-width: 1024px) 100vw, 1024px\" \/><\/a><\/figure>\n<\/div>\n<\/div>\n\n\n\n<figure class=\"wp-block-table\"><table><tbody><tr><td><img loading=\"lazy\" decoding=\"async\" width=\"150\" height=\"113\" class=\"wp-image-638\" style=\"width: 150px;\" src=\"https:\/\/stajniaklucz.pl\/wp-content\/uploads\/2022\/04\/20220331_122338-scaled.jpg\" alt=\"\" srcset=\"https:\/\/stajniaklucz.pl\/wp-content\/uploads\/2022\/04\/20220331_122338-scaled.jpg 2560w, https:\/\/stajniaklucz.pl\/wp-content\/uploads\/2022\/04\/20220331_122338-300x225.jpg 300w, https:\/\/stajniaklucz.pl\/wp-content\/uploads\/2022\/04\/20220331_122338-1024x768.jpg 1024w, https:\/\/stajniaklucz.pl\/wp-content\/uploads\/2022\/04\/20220331_122338-768x576.jpg 768w, https:\/\/stajniaklucz.pl\/wp-content\/uploads\/2022\/04\/20220331_122338-1536x1152.jpg 1536w, https:\/\/stajniaklucz.pl\/wp-content\/uploads\/2022\/04\/20220331_122338-2048x1536.jpg 2048w, https:\/\/stajniaklucz.pl\/wp-content\/uploads\/2022\/04\/20220331_122338-624x468.jpg 624w\" sizes=\"auto, (max-width: 150px) 100vw, 150px\" \/> <img loading=\"lazy\" decoding=\"async\" width=\"150\" height=\"113\" class=\"wp-image-70\" style=\"width: 150px;\" src=\"https:\/\/stajniaklucz.pl\/wp-content\/uploads\/2016\/11\/29052007001smal.jpg\" alt=\"\"> <img loading=\"lazy\" decoding=\"async\" width=\"150\" height=\"113\" class=\"wp-image-69\" style=\"width: 150px;\" src=\"https:\/\/stajniaklucz.pl\/wp-content\/uploads\/2016\/11\/29052007002.jpg\" alt=\"\" srcset=\"https:\/\/stajniaklucz.pl\/wp-content\/uploads\/2016\/11\/29052007002.jpg 1280w, https:\/\/stajniaklucz.pl\/wp-content\/uploads\/2016\/11\/29052007002-300x225.jpg 300w, https:\/\/stajniaklucz.pl\/wp-content\/uploads\/2016\/11\/29052007002-768x576.jpg 768w, https:\/\/stajniaklucz.pl\/wp-content\/uploads\/2016\/11\/29052007002-1024x768.jpg 1024w, https:\/\/stajniaklucz.pl\/wp-content\/uploads\/2016\/11\/29052007002-624x468.jpg 624w\" sizes=\"auto, (max-width: 150px) 100vw, 150px\" \/> <img loading=\"lazy\" decoding=\"async\" width=\"150\" height=\"113\" class=\"wp-image-619\" style=\"width: 150px;\" src=\"https:\/\/stajniaklucz.pl\/wp-content\/uploads\/2022\/03\/DSCN0871-scaled.jpg\" alt=\"\" srcset=\"https:\/\/stajniaklucz.pl\/wp-content\/uploads\/2022\/03\/DSCN0871-scaled.jpg 2560w, https:\/\/stajniaklucz.pl\/wp-content\/uploads\/2022\/03\/DSCN0871-300x225.jpg 300w, https:\/\/stajniaklucz.pl\/wp-content\/uploads\/2022\/03\/DSCN0871-1024x768.jpg 1024w, https:\/\/stajniaklucz.pl\/wp-content\/uploads\/2022\/03\/DSCN0871-768x576.jpg 768w, https:\/\/stajniaklucz.pl\/wp-content\/uploads\/2022\/03\/DSCN0871-1536x1152.jpg 1536w, https:\/\/stajniaklucz.pl\/wp-content\/uploads\/2022\/03\/DSCN0871-2048x1536.jpg 2048w, https:\/\/stajniaklucz.pl\/wp-content\/uploads\/2022\/03\/DSCN0871-624x468.jpg 624w\" sizes=\"auto, (max-width: 150px) 100vw, 150px\" \/> <img loading=\"lazy\" decoding=\"async\" width=\"150\" height=\"113\" class=\"wp-image-648\" style=\"width: 150px;\" src=\"https:\/\/stajniaklucz.pl\/wp-content\/uploads\/2022\/04\/2022-03-10-11.02.17-scaled.jpg\" alt=\"\" srcset=\"https:\/\/stajniaklucz.pl\/wp-content\/uploads\/2022\/04\/2022-03-10-11.02.17-scaled.jpg 2560w, https:\/\/stajniaklucz.pl\/wp-content\/uploads\/2022\/04\/2022-03-10-11.02.17-300x225.jpg 300w, https:\/\/stajniaklucz.pl\/wp-content\/uploads\/2022\/04\/2022-03-10-11.02.17-1024x768.jpg 1024w, https:\/\/stajniaklucz.pl\/wp-content\/uploads\/2022\/04\/2022-03-10-11.02.17-768x576.jpg 768w, https:\/\/stajniaklucz.pl\/wp-content\/uploads\/2022\/04\/2022-03-10-11.02.17-1536x1152.jpg 1536w, https:\/\/stajniaklucz.pl\/wp-content\/uploads\/2022\/04\/2022-03-10-11.02.17-2048x1536.jpg 2048w, https:\/\/stajniaklucz.pl\/wp-content\/uploads\/2022\/04\/2022-03-10-11.02.17-624x468.jpg 624w\" sizes=\"auto, (max-width: 150px) 100vw, 150px\" \/> <img loading=\"lazy\" decoding=\"async\" width=\"150\" height=\"113\" class=\"wp-image-649\" style=\"width: 150px;\" src=\"https:\/\/stajniaklucz.pl\/wp-content\/uploads\/2022\/04\/DSCN0555-scaled.jpg\" alt=\"\" srcset=\"https:\/\/stajniaklucz.pl\/wp-content\/uploads\/2022\/04\/DSCN0555-scaled.jpg 2560w, https:\/\/stajniaklucz.pl\/wp-content\/uploads\/2022\/04\/DSCN0555-300x225.jpg 300w, https:\/\/stajniaklucz.pl\/wp-content\/uploads\/2022\/04\/DSCN0555-1024x768.jpg 1024w, https:\/\/stajniaklucz.pl\/wp-content\/uploads\/2022\/04\/DSCN0555-768x576.jpg 768w, https:\/\/stajniaklucz.pl\/wp-content\/uploads\/2022\/04\/DSCN0555-1536x1152.jpg 1536w, https:\/\/stajniaklucz.pl\/wp-content\/uploads\/2022\/04\/DSCN0555-2048x1536.jpg 2048w, https:\/\/stajniaklucz.pl\/wp-content\/uploads\/2022\/04\/DSCN0555-624x468.jpg 624w\" sizes=\"auto, (max-width: 150px) 100vw, 150px\" \/> <img loading=\"lazy\" decoding=\"async\" width=\"150\" height=\"113\" class=\"wp-image-617\" style=\"width: 150px;\" src=\"https:\/\/stajniaklucz.pl\/wp-content\/uploads\/2022\/03\/DSCN0873-scaled.jpg\" alt=\"\" srcset=\"https:\/\/stajniaklucz.pl\/wp-content\/uploads\/2022\/03\/DSCN0873-scaled.jpg 2560w, https:\/\/stajniaklucz.pl\/wp-content\/uploads\/2022\/03\/DSCN0873-300x225.jpg 300w, https:\/\/stajniaklucz.pl\/wp-content\/uploads\/2022\/03\/DSCN0873-1024x768.jpg 1024w, https:\/\/stajniaklucz.pl\/wp-content\/uploads\/2022\/03\/DSCN0873-768x576.jpg 768w, https:\/\/stajniaklucz.pl\/wp-content\/uploads\/2022\/03\/DSCN0873-1536x1152.jpg 1536w, https:\/\/stajniaklucz.pl\/wp-content\/uploads\/2022\/03\/DSCN0873-2048x1536.jpg 2048w, https:\/\/stajniaklucz.pl\/wp-content\/uploads\/2022\/03\/DSCN0873-624x468.jpg 624w\" sizes=\"auto, (max-width: 150px) 100vw, 150px\" \/> <img loading=\"lazy\" decoding=\"async\" width=\"150\" height=\"113\" class=\"wp-image-944\" style=\"width: 150px;\" src=\"https:\/\/stajniaklucz.pl\/wp-content\/uploads\/2025\/06\/20250211_094029-scaled.jpg\" alt=\"\" srcset=\"https:\/\/stajniaklucz.pl\/wp-content\/uploads\/2025\/06\/20250211_094029-scaled.jpg 2560w, https:\/\/stajniaklucz.pl\/wp-content\/uploads\/2025\/06\/20250211_094029-300x225.jpg 300w, https:\/\/stajniaklucz.pl\/wp-content\/uploads\/2025\/06\/20250211_094029-1024x768.jpg 1024w, https:\/\/stajniaklucz.pl\/wp-content\/uploads\/2025\/06\/20250211_094029-768x576.jpg 768w, https:\/\/stajniaklucz.pl\/wp-content\/uploads\/2025\/06\/20250211_094029-1536x1152.jpg 1536w, https:\/\/stajniaklucz.pl\/wp-content\/uploads\/2025\/06\/20250211_094029-2048x1536.jpg 2048w, https:\/\/stajniaklucz.pl\/wp-content\/uploads\/2025\/06\/20250211_094029-624x468.jpg 624w\" sizes=\"auto, (max-width: 150px) 100vw, 150px\" \/> <img loading=\"lazy\" decoding=\"async\" width=\"150\" height=\"113\" class=\"wp-image-178\" style=\"width: 150px;\" src=\"https:\/\/stajniaklucz.pl\/wp-content\/uploads\/2017\/03\/P1150322-kpoia.jpg\" alt=\"\" srcset=\"https:\/\/stajniaklucz.pl\/wp-content\/uploads\/2017\/03\/P1150322-kpoia.jpg 2048w, https:\/\/stajniaklucz.pl\/wp-content\/uploads\/2017\/03\/P1150322-kpoia-300x225.jpg 300w, https:\/\/stajniaklucz.pl\/wp-content\/uploads\/2017\/03\/P1150322-kpoia-768x576.jpg 768w, https:\/\/stajniaklucz.pl\/wp-content\/uploads\/2017\/03\/P1150322-kpoia-1024x768.jpg 1024w, https:\/\/stajniaklucz.pl\/wp-content\/uploads\/2017\/03\/P1150322-kpoia-624x468.jpg 624w\" sizes=\"auto, (max-width: 150px) 100vw, 150px\" \/> <img loading=\"lazy\" decoding=\"async\" width=\"150\" height=\"113\" class=\"wp-image-184\" style=\"width: 150px;\" src=\"https:\/\/stajniaklucz.pl\/wp-content\/uploads\/2017\/03\/P1200605.jpg\" alt=\"\" srcset=\"https:\/\/stajniaklucz.pl\/wp-content\/uploads\/2017\/03\/P1200605.jpg 313w, https:\/\/stajniaklucz.pl\/wp-content\/uploads\/2017\/03\/P1200605-300x225.jpg 300w\" sizes=\"auto, (max-width: 150px) 100vw, 150px\" \/> <img loading=\"lazy\" decoding=\"async\" width=\"150\" height=\"113\" class=\"wp-image-838\" style=\"width: 150px;\" src=\"https:\/\/stajniaklucz.pl\/wp-content\/uploads\/2022\/12\/20221121_1224101-scaled.jpg\" alt=\"\" srcset=\"https:\/\/stajniaklucz.pl\/wp-content\/uploads\/2022\/12\/20221121_1224101-scaled.jpg 2560w, https:\/\/stajniaklucz.pl\/wp-content\/uploads\/2022\/12\/20221121_1224101-300x225.jpg 300w, https:\/\/stajniaklucz.pl\/wp-content\/uploads\/2022\/12\/20221121_1224101-1024x768.jpg 1024w, https:\/\/stajniaklucz.pl\/wp-content\/uploads\/2022\/12\/20221121_1224101-768x576.jpg 768w, https:\/\/stajniaklucz.pl\/wp-content\/uploads\/2022\/12\/20221121_1224101-1536x1152.jpg 1536w, https:\/\/stajniaklucz.pl\/wp-content\/uploads\/2022\/12\/20221121_1224101-2048x1536.jpg 2048w, https:\/\/stajniaklucz.pl\/wp-content\/uploads\/2022\/12\/20221121_1224101-624x468.jpg 624w\" sizes=\"auto, (max-width: 150px) 100vw, 150px\" \/> <img loading=\"lazy\" decoding=\"async\" width=\"150\" height=\"113\" class=\"wp-image-621\" style=\"width: 150px;\" src=\"https:\/\/stajniaklucz.pl\/wp-content\/uploads\/2022\/03\/DSCN0874-scaled.jpg\" alt=\"\" srcset=\"https:\/\/stajniaklucz.pl\/wp-content\/uploads\/2022\/03\/DSCN0874-scaled.jpg 2560w, https:\/\/stajniaklucz.pl\/wp-content\/uploads\/2022\/03\/DSCN0874-300x225.jpg 300w, https:\/\/stajniaklucz.pl\/wp-content\/uploads\/2022\/03\/DSCN0874-1024x768.jpg 1024w, https:\/\/stajniaklucz.pl\/wp-content\/uploads\/2022\/03\/DSCN0874-768x576.jpg 768w, https:\/\/stajniaklucz.pl\/wp-content\/uploads\/2022\/03\/DSCN0874-1536x1152.jpg 1536w, https:\/\/stajniaklucz.pl\/wp-content\/uploads\/2022\/03\/DSCN0874-2048x1536.jpg 2048w, https:\/\/stajniaklucz.pl\/wp-content\/uploads\/2022\/03\/DSCN0874-624x468.jpg 624w\" sizes=\"auto, (max-width: 150px) 100vw, 150px\" \/><br> <br><\/td><td><\/td><\/tr><\/tbody><\/table><\/figure>\n<\/div>\n<\/div>\n\n\n\n<div class=\"wp-block-group\"><div class=\"wp-block-group__inner-container is-layout-flow wp-block-group-is-layout-flow\">\n<div class=\"wp-block-group\"><div class=\"wp-block-group__inner-container is-layout-flow wp-block-group-is-layout-flow\">\n<div class=\"wp-block-group\"><div class=\"wp-block-group__inner-container is-layout-flow wp-block-group-is-layout-flow\">\n<div class=\"wp-block-columns is-layout-flex wp-container-core-columns-is-layout-9d6595d7 wp-block-columns-is-layout-flex\"><\/div>\n<\/div><\/div>\n<\/div><\/div>\n<\/div><\/div>\n\n\n\n<p>Jeste\u015bmy 4-pokoleniow\u0105, <strong>rodzinn\u0105<\/strong> Firm\u0105, kt\u00f3r\u0105 tworzymy od ponad 25 lat. Nasz\u0105 misj\u0105 jest zach\u0119ca\u0107 ludzi do osobistych kontakt\u00f3w z Natur\u0105 , do piel\u0119gnowania zdrowia i t\u0119\u017cyzny fizycznej oraz do aktywnego sp\u0119dzania wolnego czasu.<\/p>\n\n\n\n<p>Stworzyli\u015bmy produkt turystyczny o nazwie&nbsp;<strong>\u015aCIE\u017bKA KONIA.<\/strong>  Szczeg\u00f3\u0142y w aktualno\u015bciach<\/p>\n\n\n\n<p class=\"has-text-align-center\"><em>Gra\u017cyna ,Krzysztof-Micha\u0142<\/em>, <em>Stachna ,Maria,Tomasz,Barbara, Kristian<\/em><br><br><\/p>\n\n\n\n<p class=\"has-medium-font-size\">KTO SIA\u0106 W MARCU NIE ZACZYNA-DOBRA SWEGO ZAPOMINA<\/p>\n\n\n\n<p>Bezlistny jeszcze drzemie las \u017ca\u0142osny, pola \u015bpi\u0105 nsgie w dr\u0119twoty uwi\u0119zi.<\/p>\n\n\n\n<p>Wtem ptak zakwili\u0142 jeden w\u015br\u00f3d ga\u0142\u0119zi i nagle ca\u0142y \u015bwiat pe\u0142en jest wiosny!<\/p>\n\n\n\n<p class=\"has-text-color has-link-color has-medium-font-size wp-elements-3ad8eb919a1445ffc642f36f64d25e95\" style=\"color:#ffffff\"><br>Gdy mr\u00f3z w lutym ostro trzyma, tedy jest nied\u0142uga zi<\/p>\n\n\n\n<figure class=\"wp-block-table\"><table><tbody><tr><td><img loading=\"lazy\" decoding=\"async\" width=\"150\" height=\"113\" class=\"wp-image-140\" style=\"width: 150px;\" src=\"https:\/\/stajniaklucz.pl\/wp-content\/uploads\/2017\/01\/Zdj\u0119cie0210.jpg\" alt=\"\" srcset=\"https:\/\/stajniaklucz.pl\/wp-content\/uploads\/2017\/01\/Zdj\u0119cie0210.jpg 2592w, https:\/\/stajniaklucz.pl\/wp-content\/uploads\/2017\/01\/Zdj\u0119cie0210-300x225.jpg 300w, https:\/\/stajniaklucz.pl\/wp-content\/uploads\/2017\/01\/Zdj\u0119cie0210-768x576.jpg 768w, https:\/\/stajniaklucz.pl\/wp-content\/uploads\/2017\/01\/Zdj\u0119cie0210-1024x768.jpg 1024w, https:\/\/stajniaklucz.pl\/wp-content\/uploads\/2017\/01\/Zdj\u0119cie0210-624x468.jpg 624w\" sizes=\"auto, (max-width: 150px) 100vw, 150px\" \/><\/td><td><img loading=\"lazy\" decoding=\"async\" width=\"150\" height=\"113\" class=\"wp-image-176\" style=\"width: 150px;\" src=\"https:\/\/stajniaklucz.pl\/wp-content\/uploads\/2017\/03\/DSCN0309.jpg\" alt=\"\" srcset=\"https:\/\/stajniaklucz.pl\/wp-content\/uploads\/2017\/03\/DSCN0309.jpg 4608w, https:\/\/stajniaklucz.pl\/wp-content\/uploads\/2017\/03\/DSCN0309-300x225.jpg 300w, https:\/\/stajniaklucz.pl\/wp-content\/uploads\/2017\/03\/DSCN0309-768x576.jpg 768w, https:\/\/stajniaklucz.pl\/wp-content\/uploads\/2017\/03\/DSCN0309-1024x768.jpg 1024w, https:\/\/stajniaklucz.pl\/wp-content\/uploads\/2017\/03\/DSCN0309-624x468.jpg 624w\" sizes=\"auto, (max-width: 150px) 100vw, 150px\" \/><\/td><td><img loading=\"lazy\" decoding=\"async\" width=\"150\" height=\"113\" class=\"wp-image-824\" style=\"width: 150px;\" src=\"https:\/\/stajniaklucz.pl\/wp-content\/uploads\/2022\/12\/2015-01-01-00.00.00-39-scaled.jpg\" alt=\"\" srcset=\"https:\/\/stajniaklucz.pl\/wp-content\/uploads\/2022\/12\/2015-01-01-00.00.00-39-scaled.jpg 2560w, https:\/\/stajniaklucz.pl\/wp-content\/uploads\/2022\/12\/2015-01-01-00.00.00-39-300x225.jpg 300w, https:\/\/stajniaklucz.pl\/wp-content\/uploads\/2022\/12\/2015-01-01-00.00.00-39-1024x768.jpg 1024w, https:\/\/stajniaklucz.pl\/wp-content\/uploads\/2022\/12\/2015-01-01-00.00.00-39-768x576.jpg 768w, https:\/\/stajniaklucz.pl\/wp-content\/uploads\/2022\/12\/2015-01-01-00.00.00-39-1536x1152.jpg 1536w, https:\/\/stajniaklucz.pl\/wp-content\/uploads\/2022\/12\/2015-01-01-00.00.00-39-2048x1536.jpg 2048w, https:\/\/stajniaklucz.pl\/wp-content\/uploads\/2022\/12\/2015-01-01-00.00.00-39-624x468.jpg 624w\" sizes=\"auto, (max-width: 150px) 100vw, 150px\" \/><\/td><td><img loading=\"lazy\" decoding=\"async\" width=\"150\" height=\"113\" class=\"wp-image-419\" style=\"width: 150px;\" src=\"https:\/\/stajniaklucz.pl\/wp-content\/uploads\/2021\/03\/20210318_161002-scaled.jpg\" alt=\"\" srcset=\"https:\/\/stajniaklucz.pl\/wp-content\/uploads\/2021\/03\/20210318_161002-scaled.jpg 2560w, https:\/\/stajniaklucz.pl\/wp-content\/uploads\/2021\/03\/20210318_161002-300x225.jpg 300w, https:\/\/stajniaklucz.pl\/wp-content\/uploads\/2021\/03\/20210318_161002-1024x768.jpg 1024w, https:\/\/stajniaklucz.pl\/wp-content\/uploads\/2021\/03\/20210318_161002-768x576.jpg 768w, https:\/\/stajniaklucz.pl\/wp-content\/uploads\/2021\/03\/20210318_161002-1536x1152.jpg 1536w, https:\/\/stajniaklucz.pl\/wp-content\/uploads\/2021\/03\/20210318_161002-2048x1536.jpg 2048w, https:\/\/stajniaklucz.pl\/wp-content\/uploads\/2021\/03\/20210318_161002-624x468.jpg 624w\" sizes=\"auto, (max-width: 150px) 100vw, 150px\" \/><\/td><\/tr><\/tbody><\/table><\/figure>\n\n\n\n<p><strong>BIE\u017b\u0104CE INFORMACJE<\/strong><\/p>\n\n\n\n<p>Aktualnie s\u0105 wolne miejsca w pensjonacie dla koni: w stajni angielskiej i w stajni murowanej.<\/p>\n\n\n\n<p>Polecamy: FB Hucoterapeuci, https:\/\/www.facebook.com\/share\/17Zfy98UHL\/, terapia i zabawa z ko\u0144mi.<\/p>\n\n\n\n<p><\/p>\n\n\n\n<p>Zapraszamy na przeja\u017cd\u017ck\u0119 zaprz\u0119giem konnym. <\/p>\n\n\n\n<p>Wi\u0119cej informacji telefon: 536 890 117, KONIOLANDIA<\/p>\n\n\n\n<p>Przyjmujemy zg\u0142oszenia dla grup na jednodniowe spotkania na \u015acie\u017cce Konia.<\/p>\n\n\n\n<p>Zapraszamy  na warsztaty pszczelarskie. Wi\u0119cej w zak\u0142adce Pasieka.<\/p>\n\n\n\n<p>Baza noclegowa pozostaje zamkni\u0119ta do odwo\u0142ania.<\/p>\n\n\n\n<p>Aktualnie nie prowadzimy nauki jazdy konnej.<img decoding=\"async\" class=\"wp-image-749\" style=\"width: 150px;\" src=\"https:\/\/stajniaklucz.pl\/wp-content\/uploads\/2022\/07\/20220725_1318211-1.mp4\" alt=\"\"><\/p>\n\n\n\n<figure class=\"wp-block-table is-style-regular\"><table><tbody><tr><td><br><br><\/td><td><\/td><td><\/td><td><\/td><td><\/td><\/tr><\/tbody><\/table><\/figure>\n\n\n\n<p class=\"has-white-color has-text-color\">WO\u0141A WRZESIE\u0143, \u017bE JU\u017b JESIE\u0143.<\/p>\n\n\n\n<div class=\"wp-block-columns is-layout-flex wp-container-core-columns-is-layout-9d6595d7 wp-block-columns-is-layout-flex\">\n<div class=\"wp-block-column is-layout-flow wp-block-column-is-layout-flow\" style=\"flex-basis:100%\">\n<div class=\"wp-block-group\"><div class=\"wp-block-group__inner-container is-layout-flow wp-block-group-is-layout-flow\"><\/div><\/div>\n<\/div>\n<\/div>\n\n\n\n<p class=\"has-white-color has-text-color\">WO\u0141A WRZESIE\u0143, \u017bE JU\u017b JESIE\u0143.<\/p>\n\n\n\n<p class=\"has-white-color has-text-color\">WO\u0141A WRZESIE\u0143, \u017bE JU\u017b JESI<\/p>\n\n\n\n<p><\/p>\n\n\n\n<p><\/p>\n","protected":false},"excerpt":{"rendered":"<p>Jeste\u015bmy 4-pokoleniow\u0105, rodzinn\u0105 Firm\u0105, kt\u00f3r\u0105 tworzymy od ponad 25 lat. Nasz\u0105 misj\u0105 jest zach\u0119ca\u0107 ludzi do osobistych kontakt\u00f3w z Natur\u0105 , do piel\u0119gnowania zdrowia i t\u0119\u017cyzny fizycznej oraz do aktywnego sp\u0119dzania wolnego czasu. Stworzyli\u015bmy produkt turystyczny o nazwie&nbsp;\u015aCIE\u017bKA KONIA. Szczeg\u00f3\u0142y w aktualno\u015bciach Gra\u017cyna ,Krzysztof-Micha\u0142, Stachna ,Maria,Tomasz,Barbara, Kristian KTO SIA\u0106 W MARCU NIE ZACZYNA-DOBRA SWEGO ZAPOMINA [&hellip;]<\/p>\n","protected":false},"author":1,"featured_media":0,"parent":0,"menu_order":0,"comment_status":"open","ping_status":"open","template":"page-templates\/front-page.php","meta":{"footnotes":""},"class_list":["post-2","page","type-page","status-publish","hentry"],"_links":{"self":[{"href":"https:\/\/stajniaklucz.pl\/index.php?rest_route=\/wp\/v2\/pages\/2","targetHints":{"allow":["GET"]}}],"collection":[{"href":"https:\/\/stajniaklucz.pl\/index.php?rest_route=\/wp\/v2\/pages"}],"about":[{"href":"https:\/\/stajniaklucz.pl\/index.php?rest_route=\/wp\/v2\/types\/page"}],"author":[{"embeddable":true,"href":"https:\/\/stajniaklucz.pl\/index.php?rest_route=\/wp\/v2\/users\/1"}],"replies":[{"embeddable":true,"href":"https:\/\/stajniaklucz.pl\/index.php?rest_route=%2Fwp%2Fv2%2Fcomments&post=2"}],"version-history":[{"count":187,"href":"https:\/\/stajniaklucz.pl\/index.php?rest_route=\/wp\/v2\/pages\/2\/revisions"}],"predecessor-version":[{"id":975,"href":"https:\/\/stajniaklucz.pl\/index.php?rest_route=\/wp\/v2\/pages\/2\/revisions\/975"}],"wp:attachment":[{"href":"https:\/\/stajniaklucz.pl\/index.php?rest_route=%2Fwp%2Fv2%2Fmedia&parent=2"}],"curies":[{"name":"wp","href":"https:\/\/api.w.org\/{rel}","templated":true}]}}